{"id":25,"date":"2024-05-21T10:47:15","date_gmt":"2024-05-21T10:47:15","guid":{"rendered":"https:\/\/campersanantonio.com\/?page_id=25"},"modified":"2026-04-06T07:04:56","modified_gmt":"2026-04-06T07:04:56","slug":"entorno","status":"publish","type":"page","link":"https:\/\/campersanantonio.com\/en\/entorno\/","title":{"rendered":"Environment"},"content":{"rendered":"<div data-elementor-type=\"wp-page\" data-elementor-id=\"25\" class=\"elementor elementor-25\">\n\t\t\t\t<div class=\"elementor-element elementor-element-a41c091 e-flex e-con-boxed e-con e-parent\" data-id=\"a41c091\" data-element_type=\"container\">\n\t\t\t\t\t<div class=\"e-con-inner\">\n\t\t\t\t<div class=\"elementor-element elementor-element-2fbfa6a elementor-widget elementor-widget-spacer\" data-id=\"2fbfa6a\" data-element_type=\"widget\" data-widget_type=\"spacer.default\">\n\t\t\t\t<div class=\"elementor-widget-container\">\n\t\t\t\t\t\t\t<div class=\"elementor-spacer\">\n\t\t\t<div class=\"elementor-spacer-inner\"><\/div>\n\t\t<\/div>\n\t\t\t\t\t\t<\/div>\n\t\t\t\t<\/div>\n\t\t\t\t\t<\/div>\n\t\t\t\t<\/div>\n\t\t<div class=\"elementor-element elementor-element-ea473a0 e-grid e-con-boxed e-con e-parent\" data-id=\"ea473a0\" data-element_type=\"container\">\n\t\t\t\t\t<div class=\"e-con-inner\">\n\t\t\t\t<div class=\"elementor-element elementor-element-2fbc9ee elementor-position-top elementor-widget elementor-widget-image-box\" data-id=\"2fbc9ee\" data-element_type=\"widget\" data-widget_type=\"image-box.default\">\n\t\t\t\t<div class=\"elementor-widget-container\">\n\t\t\t\t\t<div class=\"elementor-image-box-wrapper\"><figure class=\"elementor-image-box-img\"><a href=\"https:\/\/geoparques.es\/portfolio_page\/geoparque-de-granada\/\" target=\"_blank\" tabindex=\"-1\"><img decoding=\"async\" width=\"150\" height=\"150\" src=\"https:\/\/campersanantonio.com\/wp-content\/uploads\/2026\/03\/geoparque-150x150.jpg\" class=\"attachment-thumbnail size-thumbnail wp-image-397\" alt=\"\" \/><\/a><\/figure><div class=\"elementor-image-box-content\"><h3 class=\"elementor-image-box-title\"><a href=\"https:\/\/geoparques.es\/portfolio_page\/geoparque-de-granada\/\" target=\"_blank\">Geoparque<\/a><\/h3><p class=\"elementor-image-box-description\">In the province of Granada lies a region renowned for its spectacular scenery and for containing one of the finest continental geological records of the last 5 million years.<\/p><\/div><\/div>\t\t\t\t<\/div>\n\t\t\t\t<\/div>\n\t\t\t\t<div class=\"elementor-element elementor-element-0e801fb elementor-position-top elementor-widget elementor-widget-image-box\" data-id=\"0e801fb\" data-element_type=\"widget\" data-widget_type=\"image-box.default\">\n\t\t\t\t<div class=\"elementor-widget-container\">\n\t\t\t\t\t<div class=\"elementor-image-box-wrapper\"><figure class=\"elementor-image-box-img\"><a href=\"https:\/\/www.tropolis.es\/\" target=\"_blank\" tabindex=\"-1\"><img decoding=\"async\" width=\"150\" height=\"150\" src=\"https:\/\/campersanantonio.com\/wp-content\/uploads\/2026\/03\/tropolis-150x150.jpg\" class=\"attachment-thumbnail size-thumbnail wp-image-396\" alt=\"\" srcset=\"https:\/\/campersanantonio.com\/wp-content\/uploads\/2026\/03\/tropolis-150x150.jpg 150w, https:\/\/campersanantonio.com\/wp-content\/uploads\/2026\/03\/tropolis-300x300.jpg 300w, https:\/\/campersanantonio.com\/wp-content\/uploads\/2026\/03\/tropolis-1024x1024.jpg 1024w, https:\/\/campersanantonio.com\/wp-content\/uploads\/2026\/03\/tropolis-768x768.jpg 768w, https:\/\/campersanantonio.com\/wp-content\/uploads\/2026\/03\/tropolis-1536x1536.jpg 1536w, https:\/\/campersanantonio.com\/wp-content\/uploads\/2026\/03\/tropolis.jpg 1638w\" sizes=\"(max-width: 150px) 100vw, 150px\" \/><\/a><\/figure><div class=\"elementor-image-box-content\"><h3 class=\"elementor-image-box-title\"><a href=\"https:\/\/www.tropolis.es\/\" target=\"_blank\">Tr\u00f3polis<\/a><\/h3><p class=\"elementor-image-box-description\">An experience combining leisure and culture. All this takes place inside a cave that will give you an insight into the culture of the Guadix region, its way of life and troglodytism.<\/p><\/div><\/div>\t\t\t\t<\/div>\n\t\t\t\t<\/div>\n\t\t\t\t\t<\/div>\n\t\t\t\t<\/div>\n\t\t<div class=\"elementor-element elementor-element-b14a3bc e-flex e-con-boxed e-con e-parent\" data-id=\"b14a3bc\" data-element_type=\"container\">\n\t\t\t\t\t<div class=\"e-con-inner\">\n\t\t\t\t\t<\/div>\n\t\t\t\t<\/div>\n\t\t<div class=\"elementor-element elementor-element-9d60ff2 e-grid e-con-boxed e-con e-parent\" data-id=\"9d60ff2\" data-element_type=\"container\">\n\t\t\t\t\t<div class=\"e-con-inner\">\n\t\t\t\t<div class=\"elementor-element elementor-element-d481ff4 elementor-position-top elementor-widget elementor-widget-image-box\" data-id=\"d481ff4\" data-element_type=\"widget\" data-widget_type=\"image-box.default\">\n\t\t\t\t<div class=\"elementor-widget-container\">\n\t\t\t\t\t<div class=\"elementor-image-box-wrapper\"><figure class=\"elementor-image-box-img\"><a href=\"https:\/\/castillolacalahorra.com\/\" target=\"_blank\" tabindex=\"-1\"><img decoding=\"async\" width=\"150\" height=\"150\" src=\"https:\/\/campersanantonio.com\/wp-content\/uploads\/2026\/03\/calahorra2-150x150.jpg\" class=\"attachment-thumbnail size-thumbnail wp-image-403\" alt=\"\" \/><\/a><\/figure><div class=\"elementor-image-box-content\"><h3 class=\"elementor-image-box-title\"><a href=\"https:\/\/castillolacalahorra.com\/\" target=\"_blank\">Castillo La Calahorra<\/a><\/h3><p class=\"elementor-image-box-description\">It is not just stone: it is living memory, landscape and emotion in the heart of the Marquesado del Cenete, on the high plateau of Granada.<\/p><\/div><\/div>\t\t\t\t<\/div>\n\t\t\t\t<\/div>\n\t\t\t\t<div class=\"elementor-element elementor-element-6e5d6ba elementor-position-top elementor-widget elementor-widget-image-box\" data-id=\"6e5d6ba\" data-element_type=\"widget\" data-widget_type=\"image-box.default\">\n\t\t\t\t<div class=\"elementor-widget-container\">\n\t\t\t\t\t<div class=\"elementor-image-box-wrapper\"><figure class=\"elementor-image-box-img\"><a href=\"https:\/\/campersanantonio.com\/en\/rutas\/\" tabindex=\"-1\"><img loading=\"lazy\" decoding=\"async\" width=\"150\" height=\"150\" src=\"https:\/\/campersanantonio.com\/wp-content\/uploads\/2026\/03\/rutas-150x150.jpg\" class=\"attachment-thumbnail size-thumbnail wp-image-411\" alt=\"\" \/><\/a><\/figure><div class=\"elementor-image-box-content\"><h3 class=\"elementor-image-box-title\"><a href=\"https:\/\/campersanantonio.com\/en\/rutas\/\">Hiking trails<\/a><\/h3><p class=\"elementor-image-box-description\">Alcudia de Guadix offers excellent hiking trails in the Zalab\u00ed Valley, featuring badlands landscapes, chestnut forests and views of the Sierra Nevada.\n<\/p><\/div><\/div>\t\t\t\t<\/div>\n\t\t\t\t<\/div>\n\t\t\t\t\t<\/div>\n\t\t\t\t<\/div>\n\t\t\t\t<\/div>","protected":false},"excerpt":{"rendered":"<p>Geoparque En la provincia de Granada existe un territorio espectacular por su paisaje y por albergar uno de los mejores registros geol\u00f3gicos continentales de los \u00faltimos 5 millones de a\u00f1os. Tr\u00f3polis Una propuesta de ocio y cultura. Todo ello dentro de una cueva que te acercar\u00e1 a la cultura de la Comarca de Guadix, de [&hellip;]<\/p>\n","protected":false},"author":1,"featured_media":0,"parent":0,"menu_order":0,"comment_status":"closed","ping_status":"closed","template":"","meta":{"_eb_attr":"","footnotes":""},"class_list":["post-25","page","type-page","status-publish","hentry"],"_links":{"self":[{"href":"https:\/\/campersanantonio.com\/en\/wp-json\/wp\/v2\/pages\/25","targetHints":{"allow":["GET"]}}],"collection":[{"href":"https:\/\/campersanantonio.com\/en\/wp-json\/wp\/v2\/pages"}],"about":[{"href":"https:\/\/campersanantonio.com\/en\/wp-json\/wp\/v2\/types\/page"}],"author":[{"embeddable":true,"href":"https:\/\/campersanantonio.com\/en\/wp-json\/wp\/v2\/users\/1"}],"replies":[{"embeddable":true,"href":"https:\/\/campersanantonio.com\/en\/wp-json\/wp\/v2\/comments?post=25"}],"version-history":[{"count":29,"href":"https:\/\/campersanantonio.com\/en\/wp-json\/wp\/v2\/pages\/25\/revisions"}],"predecessor-version":[{"id":689,"href":"https:\/\/campersanantonio.com\/en\/wp-json\/wp\/v2\/pages\/25\/revisions\/689"}],"wp:attachment":[{"href":"https:\/\/campersanantonio.com\/en\/wp-json\/wp\/v2\/media?parent=25"}],"curies":[{"name":"wp","href":"https:\/\/api.w.org\/{rel}","templated":true}]}}